{"id":118598,"date":"2023-03-06T15:29:03","date_gmt":"2023-03-06T15:29:03","guid":{"rendered":"https:\/\/go.dodesignwip.com\/politica-de-cookies\/"},"modified":"2023-03-09T23:59:43","modified_gmt":"2023-03-09T23:59:43","slug":"politica-de-cookies","status":"publish","type":"page","link":"https:\/\/go.com.pt\/pt-pt\/politica-de-cookies\/","title":{"rendered":"Pol\u00edtica de cookies"},"content":{"rendered":"<div class=\"wpb-content-wrapper\">[vc_row row_height_percent=&#8221;0&#8243; overlay_alpha=&#8221;50&#8243; gutter_size=&#8221;3&#8243; column_width_percent=&#8221;100&#8243; shift_y=&#8221;0&#8243; z_index=&#8221;0&#8243; uncode_shortcode_id=&#8221;330898&#8243; css=&#8221;.vc_custom_1678116619919{padding-top: 80px !important;padding-bottom: 100px !important;}&#8221; shape_dividers=&#8221;&#8221;][vc_column][vc_column_text uncode_shortcode_id=&#8221;186680&#8243;]\n<p>Cookies s\u00e3o ficheiros que s\u00e3o guardados no seu computador com o \u00fanico objetivo de simplificar a sua navega\u00e7\u00e3o em go.com.pt (estes cookies n\u00e3o podem conter v\u00edrus nem ser executados, pois n\u00e3o s\u00e3o ficheiros ativos).<\/p>\n<p>Permitir:<\/p>\n<p>\u2013 Melhore a sua experi\u00eancia de navega\u00e7\u00e3o e beneficie do nosso aconselhamento personalizado.<br \/>\u2013 Ser informado sobre nossas ofertas promocionais em diferentes produtos.<br \/>\u2013 Estes cookies s\u00f3 podem ser lidos por go.com.pt e por si, podendo elimin\u00e1-los se assim o desejar.<\/p>\n<p>Certifique-se de que o seu navegador aceita cookies para poder utilizar todas as funcionalidades do site go.com.pt:<\/p>\n<p><strong>Se usa o Internet Explorer<\/strong><br \/>Abra o Internet Explorer<br \/>No menu \u201cFerramentas\u201d,<br \/>Selecione \u201cInternet Options\u201d<br \/>Clique na tab \u201cPrivacy\u201d<br \/>Pesquise e selecione a op\u00e7\u00e3o \u201cAceitar Cookies\u201d<\/p>\n<p><strong>Se usa Mozilla Firefox<\/strong><br \/>Abra o Mozilla Firefox<br \/>No menu \u201cFerramentas\u201d,<br \/>Selecione \u201cInternet Options\u201d<br \/>Clique na tab \u201cPrivacy\u201d<br \/>Pesquise e selecione a op\u00e7\u00e3o \u201cAceitar Cookies\u201d<\/p>\n<p>Se n\u00e3o deseja receber cookies, pode configurar seu computador para notific\u00e1-lo sempre que receber um cookie ou desabilitar todos os cookies por meio de seu programa de consulta (Internet Explorer ou Netscape Navigator). (Consulte o menu Ajuda do seu programa de consulta para saber a forma correta de alterar ou atualizar os cookies). Se voc\u00ea desativar os cookies, talvez n\u00e3o consiga acessar algumas das fun\u00e7\u00f5es acima.<\/p>\n<p>Por meio de suas configura\u00e7\u00f5es, a maioria dos navegadores permite que voc\u00ea tenha algum controle sobre a maioria dos cookies. Para obter mais informa\u00e7\u00f5es sobre cookies, incluindo quais cookies foram definidos e como eles podem ser gerenciados e exclu\u00eddos, visite www.allaboutcookies.org. Se n\u00e3o pretende que as suas visitas a websites sejam detetadas pelo Google Analytics, aceda a http:\/\/tools.google.com\/dlpage\/gaoptout.<\/p>\n<p>\n\u00a0&#13;\n<p>[\/vc_column_text][\/vc_column][\/vc_row]<\/p><\/div>","protected":false},"excerpt":{"rendered":"<p>[vc_row row_height_percent=&#8221;0&#8243; overlay_alpha=&#8221;50&#8243; gutter_size=&#8221;3&#8243; column_width_percent=&#8221;100&#8243; shift_y=&#8221;0&#8243; z_index=&#8221;0&#8243; uncode_shortcode_id=&#8221;330898&#8243; css=&#8221;.vc_custom_1678116619919{padding-top: 80px !important;padding-bottom: 100px !important;}&#8221; shape_dividers=&#8221;&#8221;][vc_column][vc_column_text uncode_shortcode_id=&#8221;186680&#8243;] Cookies s\u00e3o ficheiros que s\u00e3o [&hellip;]<\/p>\n","protected":false},"author":1,"featured_media":0,"parent":0,"menu_order":0,"comment_status":"closed","ping_status":"open","template":"","meta":{"footnotes":""},"class_list":["post-118598","page","type-page","status-publish","hentry"],"_links":{"self":[{"href":"https:\/\/go.com.pt\/pt-pt\/wp-json\/wp\/v2\/pages\/118598","targetHints":{"allow":["GET"]}}],"collection":[{"href":"https:\/\/go.com.pt\/pt-pt\/wp-json\/wp\/v2\/pages"}],"about":[{"href":"https:\/\/go.com.pt\/pt-pt\/wp-json\/wp\/v2\/types\/page"}],"author":[{"embeddable":true,"href":"https:\/\/go.com.pt\/pt-pt\/wp-json\/wp\/v2\/users\/1"}],"replies":[{"embeddable":true,"href":"https:\/\/go.com.pt\/pt-pt\/wp-json\/wp\/v2\/comments?post=118598"}],"version-history":[{"count":1,"href":"https:\/\/go.com.pt\/pt-pt\/wp-json\/wp\/v2\/pages\/118598\/revisions"}],"predecessor-version":[{"id":118599,"href":"https:\/\/go.com.pt\/pt-pt\/wp-json\/wp\/v2\/pages\/118598\/revisions\/118599"}],"wp:attachment":[{"href":"https:\/\/go.com.pt\/pt-pt\/wp-json\/wp\/v2\/media?parent=118598"}],"curies":[{"name":"wp","href":"https:\/\/api.w.org\/{rel}","templated":true}]}}