{"id":118600,"date":"2023-03-06T14:40:06","date_gmt":"2023-03-06T14:40:06","guid":{"rendered":"https:\/\/go.dodesignwip.com\/servicos\/"},"modified":"2023-04-19T17:57:26","modified_gmt":"2023-04-19T17:57:26","slug":"servicos","status":"publish","type":"page","link":"https:\/\/go.com.pt\/pt-pt\/servicos\/","title":{"rendered":"Servi\u00e7os"},"content":{"rendered":"<div class=\"wpb-content-wrapper\"><p>[vc_row row_height_percent=&#8221;75&#8243; back_color=&#8221;color-wayh&#8221; back_image=&#8221;119120&#8243; back_position=&#8221;center bottom&#8221; parallax=&#8221;yes&#8221; overlay_color=&#8221;color-wayh&#8221; overlay_alpha=&#8221;35&#8243; gutter_size=&#8221;3&#8243; column_width_percent=&#8221;100&#8243; shift_y=&#8221;0&#8243; z_index=&#8221;0&#8243; uncode_shortcode_id=&#8221;863975&#8243; back_color_type=&#8221;uncode-palette&#8221; overlay_color_type=&#8221;uncode-palette&#8221; shape_dividers=&#8221;&#8221;][vc_column column_width_use_pixel=&#8221;yes&#8221; position_vertical=&#8221;middle&#8221; align_horizontal=&#8221;align_center&#8221; gutter_size=&#8221;2&#8243; style=&#8221;dark&#8221; overlay_alpha=&#8221;50&#8243; shift_x=&#8221;0&#8243; shift_y=&#8221;0&#8243; shift_y_down=&#8221;0&#8243; z_index=&#8221;0&#8243; medium_width=&#8221;0&#8243; mobile_width=&#8221;0&#8243; width=&#8221;1\/1&#8243; column_width_pixel=&#8221;1000&#8243; uncode_shortcode_id=&#8221;211040&#8243;][vc_empty_space empty_h=&#8221;5&#8243;][vc_custom_heading heading_semantic=&#8221;h5&#8243; text_font=&#8221;font-156269&#8243; text_size=&#8221;fontsize-160000&#8243; text_transform=&#8221;uppercase&#8221; text_space=&#8221;fontspace-135905&#8243; uncode_shortcode_id=&#8221;179236&#8243;]Os Nossos Servi\u00e7os[\/vc_custom_heading][vc_custom_heading heading_semantic=&#8221;h1&#8243; text_font=&#8221;font-156269&#8243; text_size=&#8221;fontsize-338686&#8243; uncode_shortcode_id=&#8221;140450&#8243;]Os servi\u00e7os de digitaliza\u00e7\u00e3o a laser 3D incluem modelagem 3D e solu\u00e7\u00f5es de desenhos 2D integrados.[\/vc_custom_heading][vc_empty_space][\/vc_column][\/vc_row][vc_row row_height_percent=&#8221;0&#8243; override_padding=&#8221;yes&#8221; h_padding=&#8221;2&#8243; top_padding=&#8221;5&#8243; bottom_padding=&#8221;5&#8243; overlay_alpha=&#8221;50&#8243; gutter_size=&#8221;4&#8243; column_width_percent=&#8221;100&#8243; shift_y=&#8221;0&#8243; z_index=&#8221;0&#8243; uncode_shortcode_id=&#8221;135580&#8243; row_name=&#8221;intro&#8221;][vc_column column_width_percent=&#8221;100&#8243; gutter_size=&#8221;2&#8243; overlay_alpha=&#8221;50&#8243; shift_x=&#8221;0&#8243; shift_y=&#8221;0&#8243; shift_y_down=&#8221;0&#8243; z_index=&#8221;0&#8243; medium_width=&#8221;0&#8243; mobile_width=&#8221;0&#8243; width=&#8221;1\/1&#8243; uncode_shortcode_id=&#8221;191798&#8243;][vc_row_inner row_inner_height_percent=&#8221;0&#8243; overlay_alpha=&#8221;50&#8243; gutter_size=&#8221;4&#8243; shift_y=&#8221;0&#8243; z_index=&#8221;0&#8243; limit_content=&#8221;&#8221;][vc_column_inner width=&#8221;1\/1&#8243;][vc_column_text text_color=&#8221;color-jevc&#8221; uncode_shortcode_id=&#8221;164979&#8243; text_color_type=&#8221;uncode-palette&#8221;]Na arquitetura naval e na engenharia naval, a aquisi\u00e7\u00e3o de informa\u00e7\u00f5es 3D \u00e9 essencial. Nossos servi\u00e7os incluem digitaliza\u00e7\u00e3o, design e modelagem para constru\u00e7\u00e3o e reparo naval.<br \/>\nEste servi\u00e7o ajuda estaleiros e escrit\u00f3rios de design a entregar projetos de forma mais r\u00e1pida, eficiente e com menos riscos.<br \/>\nTecnologia de digitaliza\u00e7\u00e3o a laser 3D para constru\u00e7\u00e3o e reparo naval, \u00e9 atualmente o m\u00e9todo mais preciso e eficaz de obten\u00e7\u00e3o de geometrias e formas 3D.[\/vc_column_text][\/vc_column_inner][\/vc_row_inner][vc_row_inner row_inner_height_percent=&#8221;0&#8243; overlay_alpha=&#8221;50&#8243; gutter_size=&#8221;4&#8243; shift_y=&#8221;0&#8243; z_index=&#8221;0&#8243; limit_content=&#8221;&#8221; uncode_shortcode_id=&#8221;191248&#8243; css=&#8221;.vc_custom_1678045512966{padding-top: 40px !important;}&#8221;][vc_column_inner column_width_percent=&#8221;100&#8243; gutter_size=&#8221;3&#8243; overlay_alpha=&#8221;50&#8243; border_color=&#8221;color-gyho&#8221; border_style=&#8221;solid&#8221; shift_x=&#8221;0&#8243; shift_y=&#8221;0&#8243; shift_y_down=&#8221;0&#8243; z_index=&#8221;0&#8243; medium_width=&#8221;0&#8243; mobile_width=&#8221;0&#8243; width=&#8221;1\/2&#8243; uncode_shortcode_id=&#8221;111359&#8243; css=&#8221;.vc_custom_1678045374491{border-right-width: 1px !important;padding-right: 20px !important;}&#8221; border_color_type=&#8221;uncode-palette&#8221;][vc_single_image media=&#8221;117797&#8243; media_width_percent=&#8221;15&#8243; css_animation=&#8221;left-t-right&#8221; animation_delay=&#8221;100&#8243; uncode_shortcode_id=&#8221;188087&#8243;][vc_custom_heading text_color=&#8221;accent&#8221; heading_semantic=&#8221;h6&#8243; text_size=&#8221;h4&#8243; text_weight=&#8221;500&#8243; text_height=&#8221;fontheight-357766&#8243; uncode_shortcode_id=&#8221;110690&#8243; text_color_type=&#8221;uncode-palette&#8221;]Mar\u00edtimo[\/vc_custom_heading][vc_column_text text_color=&#8221;color-jevc&#8221; uncode_shortcode_id=&#8221;857718&#8243; text_color_type=&#8221;uncode-palette&#8221;]&gt; Casco e Estrutura &#8211; 3D Laser Scanning Modeling and Design<br \/>\n&gt; Projeto de layout de tubula\u00e7\u00e3o 3D, HVAC e dutos de exaust\u00e3o &#8211; digitaliza\u00e7\u00e3o 3D e modelagem 3D<br \/>\n&gt; Retrofits do Sistema de Tratamento de \u00c1gua de Lastro (WBTS) &#8211; Digitaliza\u00e7\u00e3o 3D, Modelagem 3D, Projeto e Engenharia[\/vc_column_text][\/vc_column_inner][vc_column_inner column_width_percent=&#8221;100&#8243; gutter_size=&#8221;3&#8243; font_family=&#8221;font-136269&#8243; overlay_alpha=&#8221;50&#8243; shift_x=&#8221;0&#8243; shift_y=&#8221;0&#8243; shift_y_down=&#8221;0&#8243; z_index=&#8221;0&#8243; medium_width=&#8221;0&#8243; mobile_width=&#8221;0&#8243; width=&#8221;1\/2&#8243; uncode_shortcode_id=&#8221;208657&#8243;][vc_single_image media=&#8221;117798&#8243; media_width_percent=&#8221;15&#8243; css_animation=&#8221;right-t-left&#8221; animation_delay=&#8221;100&#8243; uncode_shortcode_id=&#8221;864870&#8243;][vc_custom_heading text_color=&#8221;accent&#8221; heading_semantic=&#8221;h6&#8243; text_size=&#8221;h4&#8243; text_weight=&#8221;500&#8243; text_height=&#8221;fontheight-357766&#8243; uncode_shortcode_id=&#8221;174862&#8243; text_color_type=&#8221;uncode-palette&#8221;]Outras \u00e1reas de interesse[\/vc_custom_heading][vc_column_text text_color=&#8221;color-jevc&#8221; uncode_shortcode_id=&#8221;195392&#8243; text_color_type=&#8221;uncode-palette&#8221;]<\/p>\n<div class=\"\">\n<div class=\"\">&gt; Instala\u00e7\u00f5es mar\u00edtimas &#8211; digitaliza\u00e7\u00e3o 3D e modelagem 3D<br class=\"\">&gt; Patrim\u00f3nio Mar\u00edtimo \u2013 Varrimento 3D de embarca\u00e7\u00f5es hist\u00f3ricas<br class=\"\">&gt; Instala\u00e7\u00f5es offshore<br class=\"\">&gt; Engenharia Civil<br class=\"\">&gt; Manuten\u00e7\u00e3o de Guindastes, Port\u00f5es e equipamentos gerais de Estaleiros<br class=\"\">&gt; Alinhamento da estrutura e an\u00e1lise de deforma\u00e7\u00e3o<\/div>\n<\/div>\n<p>[\/vc_column_text][\/vc_column_inner][\/vc_row_inner][\/vc_column][\/vc_row][vc_row row_height_percent=&#8221;0&#8243; override_padding=&#8221;yes&#8221; h_padding=&#8221;2&#8243; top_padding=&#8221;5&#8243; bottom_padding=&#8221;5&#8243; back_color=&#8221;color-lxmt&#8221; overlay_alpha=&#8221;100&#8243; gutter_size=&#8221;100&#8243; column_width_percent=&#8221;100&#8243; shift_y=&#8221;0&#8243; z_index=&#8221;0&#8243; style=&#8221;inherited&#8221; uncode_shortcode_id=&#8221;161002&#8243; back_color_type=&#8221;uncode-palette&#8221;][vc_column column_width_use_pixel=&#8221;yes&#8221; align_horizontal=&#8221;align_center&#8221; gutter_size=&#8221;3&#8243; overlay_alpha=&#8221;100&#8243; shift_x=&#8221;0&#8243; shift_y=&#8221;0&#8243; shift_y_down=&#8221;0&#8243; z_index=&#8221;0&#8243; medium_width=&#8221;100&#8243; mobile_width=&#8221;0&#8243; zoom_width=&#8221;0&#8243; zoom_height=&#8221;0&#8243; width=&#8221;1\/1&#8243; column_width_pixel=&#8221;900&#8243;][vc_row_inner row_inner_height_percent=&#8221;0&#8243; overlay_alpha=&#8221;100&#8243; gutter_size=&#8221;3&#8243; shift_y=&#8221;0&#8243;][vc_column_inner column_width_use_pixel=&#8221;yes&#8221; align_horizontal=&#8221;align_center&#8221; gutter_size=&#8221;3&#8243; overlay_alpha=&#8221;100&#8243; shift_x=&#8221;0&#8243; shift_y=&#8221;0&#8243; shift_y_down=&#8221;0&#8243; z_index=&#8221;0&#8243; medium_width=&#8221;0&#8243; mobile_width=&#8221;0&#8243; zoom_width=&#8221;0&#8243; zoom_height=&#8221;0&#8243; width=&#8221;1\/1&#8243; column_width_pixel=&#8221;600&#8243;][vc_custom_heading heading_semantic=&#8221;h3&#8243; text_size=&#8221;h1&#8243; sub_lead=&#8221;yes&#8221; sub_reduced=&#8221;yes&#8221; text_align=&#8221;text-center&#8221; subheading=&#8221;Responderemos em breve&#8221; uncode_shortcode_id=&#8221;123309&#8243;]Sinta-se livre para nos contatar[\/vc_custom_heading][\/vc_column_inner][\/vc_row_inner][contact-form-7 id=&#8221;15&#8243;][\/vc_column][\/vc_row]<\/p>\n<\/div>","protected":false},"excerpt":{"rendered":"<p>[vc_row row_height_percent=&#8221;75&#8243; back_color=&#8221;color-wayh&#8221; back_image=&#8221;119120&#8243; back_position=&#8221;center bottom&#8221; parallax=&#8221;yes&#8221; overlay_color=&#8221;color-wayh&#8221; overlay_alpha=&#8221;35&#8243; gutter_size=&#8221;3&#8243; column_width_percent=&#8221;100&#8243; shift_y=&#8221;0&#8243; z_index=&#8221;0&#8243; uncode_shortcode_id=&#8221;863975&#8243; back_color_type=&#8221;uncode-palette&#8221; overlay_color_type=&#8221;uncode-palette&#8221; shape_dividers=&#8221;&#8221;][vc_column column_width_use_pixel=&#8221;yes&#8221; position_vertical=&#8221;middle&#8221; align_horizontal=&#8221;align_center&#8221; [&hellip;]<\/p>\n","protected":false},"author":1,"featured_media":0,"parent":0,"menu_order":0,"comment_status":"closed","ping_status":"closed","template":"","meta":{"footnotes":""},"class_list":["post-118600","page","type-page","status-publish","hentry"],"_links":{"self":[{"href":"https:\/\/go.com.pt\/pt-pt\/wp-json\/wp\/v2\/pages\/118600","targetHints":{"allow":["GET"]}}],"collection":[{"href":"https:\/\/go.com.pt\/pt-pt\/wp-json\/wp\/v2\/pages"}],"about":[{"href":"https:\/\/go.com.pt\/pt-pt\/wp-json\/wp\/v2\/types\/page"}],"author":[{"embeddable":true,"href":"https:\/\/go.com.pt\/pt-pt\/wp-json\/wp\/v2\/users\/1"}],"replies":[{"embeddable":true,"href":"https:\/\/go.com.pt\/pt-pt\/wp-json\/wp\/v2\/comments?post=118600"}],"version-history":[{"count":9,"href":"https:\/\/go.com.pt\/pt-pt\/wp-json\/wp\/v2\/pages\/118600\/revisions"}],"predecessor-version":[{"id":119233,"href":"https:\/\/go.com.pt\/pt-pt\/wp-json\/wp\/v2\/pages\/118600\/revisions\/119233"}],"wp:attachment":[{"href":"https:\/\/go.com.pt\/pt-pt\/wp-json\/wp\/v2\/media?parent=118600"}],"curies":[{"name":"wp","href":"https:\/\/api.w.org\/{rel}","templated":true}]}}