{"id":118612,"date":"2018-12-27T14:22:12","date_gmt":"2018-12-27T14:22:12","guid":{"rendered":"https:\/\/go.dodesignwip.com\/home\/"},"modified":"2023-03-29T08:26:58","modified_gmt":"2023-03-29T08:26:58","slug":"home","status":"publish","type":"page","link":"https:\/\/go.com.pt\/pt-pt\/","title":{"rendered":"Home"},"content":{"rendered":"<div class=\"wpb-content-wrapper\"><p>[vc_row row_height_percent=&#8221;0&#8243; override_padding=&#8221;yes&#8221; h_padding=&#8221;1&#8243; top_padding=&#8221;5&#8243; bottom_padding=&#8221;5&#8243; back_color=&#8221;color-lxmt&#8221; overlay_alpha=&#8221;50&#8243; equal_height=&#8221;yes&#8221; gutter_size=&#8221;4&#8243; column_width_percent=&#8221;100&#8243; shift_y=&#8221;0&#8243; z_index=&#8221;0&#8243; inverted_device_order=&#8221;yes&#8221; uncode_shortcode_id=&#8221;417153&#8243; back_color_type=&#8221;uncode-palette&#8221;][vc_column column_width_percent=&#8221;100&#8243; position_horizontal=&#8221;left&#8221; position_vertical=&#8221;middle&#8221; gutter_size=&#8221;3&#8243; font_family=&#8221;font-136269&#8243; overlay_alpha=&#8221;50&#8243; shift_x=&#8221;0&#8243; shift_y=&#8221;0&#8243; shift_y_down=&#8221;0&#8243; z_index=&#8221;0&#8243; medium_width=&#8221;4&#8243; align_mobile=&#8221;align_center_mobile&#8221; mobile_width=&#8221;0&#8243; width=&#8221;1\/2&#8243; uncode_shortcode_id=&#8221;910195&#8243;][vc_custom_heading text_color=&#8221;color-wvjs&#8221; heading_semantic=&#8221;h5&#8243; text_font=&#8221;font-156269&#8243; text_size=&#8221;fontsize-160000&#8243; text_weight=&#8221;500&#8243; text_transform=&#8221;uppercase&#8221; text_space=&#8221;fontspace-210350&#8243; uncode_shortcode_id=&#8221;871140&#8243; text_color_type=&#8221;uncode-palette&#8221;]SOBRE N\u00d3S[\/vc_custom_heading][vc_custom_heading heading_semantic=&#8221;h6&#8243; text_font=&#8221;font-156269&#8243; text_size=&#8221;h1&#8243; text_weight=&#8221;500&#8243; text_height=&#8221;fontheight-357766&#8243; uncode_shortcode_id=&#8221;406383&#8243;]GO. 3D Laser Scanning Modeling &amp; Reverse Engineering[\/vc_custom_heading][vc_column_text text_color=&#8221;color-jevc&#8221; uncode_shortcode_id=&#8221;155098&#8243; text_color_type=&#8221;uncode-palette&#8221;]A GO foi fundada, h\u00e1 12 anos atr\u00e1s, com o prop\u00f3sito de se tornar uma mais-valia nas \u00e1reas da Constru\u00e7\u00e3o e Repara\u00e7\u00e3o Naval, actividades principais das nossas associadas, Sadoship Lda, e Dacialusa SRL, fundada pelo Sr. Manuelito que pela sua experi\u00eancia viu nesta tecnologia uma nova ferramenta.<\/p>\n<p>Nossa empresa baseia-se no nosso departamento de I&amp;D.<\/p>\n<p>A melhoria cont\u00ednua da Modela\u00e7\u00e3o e Sanning, permite-nos desenvolver m\u00e9todos de trabalho mais eficientes, em termos de recursos humanos e horas\/homem consumidas, de forma a obter elementos dimensionais para a elabora\u00e7\u00e3o de desenhos t\u00e9cnicos de fabrico das pe\u00e7as.[\/vc_column_text][vc_empty_space empty_h=&#8221;0&#8243;][vc_button button_color=&#8221;accent&#8221; border_width=&#8221;0&#8243; css_animation=&#8221;left-t-right&#8221; animation_delay=&#8221;100&#8243; lbox_skin=&#8221;white&#8221; uncode_shortcode_id=&#8221;157002&#8243; button_color_type=&#8221;uncode-palette&#8221; link=&#8221;url:https%3A%2F%2Fgo.dodesignwip.com%2Fpt-pt%2Fcontactos%2F|title:Contactos|&#8221;]Fale connosco[\/vc_button][\/vc_column][vc_column column_width_percent=&#8221;100&#8243; position_horizontal=&#8221;left&#8221; gutter_size=&#8221;0&#8243; back_image=&#8221;118705&#8243; overlay_alpha=&#8221;0&#8243; shift_x=&#8221;0&#8243; shift_y=&#8221;0&#8243; shift_y_down=&#8221;0&#8243; z_index=&#8221;0&#8243; medium_width=&#8221;4&#8243; mobile_width=&#8221;0&#8243; width=&#8221;1\/2&#8243; el_class=&#8221;image-card image-card-inverted image-card-triple&#8221; uncode_shortcode_id=&#8221;424196&#8243;][\/vc_column][\/vc_row][vc_row row_height_percent=&#8221;0&#8243; override_padding=&#8221;yes&#8221; h_padding=&#8221;2&#8243; top_padding=&#8221;5&#8243; bottom_padding=&#8221;5&#8243; overlay_alpha=&#8221;50&#8243; gutter_size=&#8221;4&#8243; column_width_percent=&#8221;100&#8243; shift_y=&#8221;0&#8243; z_index=&#8221;0&#8243; uncode_shortcode_id=&#8221;135580&#8243; row_name=&#8221;intro&#8221;][vc_column column_width_percent=&#8221;100&#8243; gutter_size=&#8221;2&#8243; overlay_alpha=&#8221;50&#8243; shift_x=&#8221;0&#8243; shift_y=&#8221;0&#8243; shift_y_down=&#8221;0&#8243; z_index=&#8221;0&#8243; medium_width=&#8221;0&#8243; mobile_width=&#8221;0&#8243; width=&#8221;1\/1&#8243; uncode_shortcode_id=&#8221;191798&#8243;][vc_custom_heading text_color=&#8221;color-wvjs&#8221; heading_semantic=&#8221;h5&#8243; text_font=&#8221;font-156269&#8243; text_size=&#8221;fontsize-160000&#8243; text_weight=&#8221;500&#8243; text_transform=&#8221;uppercase&#8221; text_space=&#8221;fontspace-210350&#8243; uncode_shortcode_id=&#8221;593956&#8243; text_color_type=&#8221;uncode-palette&#8221;]OS NOSSOS SERVI\u00c7OS[\/vc_custom_heading][vc_row_inner row_inner_height_percent=&#8221;0&#8243; overlay_alpha=&#8221;50&#8243; gutter_size=&#8221;4&#8243; shift_y=&#8221;0&#8243; z_index=&#8221;0&#8243; limit_content=&#8221;&#8221;][vc_column_inner width=&#8221;1\/2&#8243;][vc_custom_heading heading_semantic=&#8221;h6&#8243; text_font=&#8221;font-156269&#8243; text_size=&#8221;h1&#8243; text_weight=&#8221;500&#8243; text_height=&#8221;fontheight-357766&#8243; uncode_shortcode_id=&#8221;779420&#8243;]Solu\u00e7\u00f5es de medi\u00e7\u00e3o abrangentes, vers\u00e1teis e inovadoras[\/vc_custom_heading][\/vc_column_inner][vc_column_inner column_width_percent=&#8221;100&#8243; gutter_size=&#8221;1&#8243; font_family=&#8221;font-136269&#8243; overlay_alpha=&#8221;50&#8243; shift_x=&#8221;0&#8243; shift_y=&#8221;0&#8243; shift_y_down=&#8221;0&#8243; z_index=&#8221;0&#8243; medium_width=&#8221;0&#8243; mobile_width=&#8221;0&#8243; width=&#8221;1\/2&#8243; uncode_shortcode_id=&#8221;317910&#8243;][vc_column_text text_color=&#8221;color-jevc&#8221; uncode_shortcode_id=&#8221;141077&#8243; text_color_type=&#8221;uncode-palette&#8221;]A digitaliza\u00e7\u00e3o 3D fornece uma nova qualidade de dados que suportam as obras de arquitetura, industrial e design. <br class=\"\" \/>Atualmente, \u00e9 o m\u00e9todo mais eficaz de obten\u00e7\u00e3o de dados espaciais.[\/vc_column_text][\/vc_column_inner][\/vc_row_inner][vc_row_inner row_inner_height_percent=&#8221;0&#8243; overlay_alpha=&#8221;50&#8243; gutter_size=&#8221;4&#8243; shift_y=&#8221;0&#8243; z_index=&#8221;0&#8243; limit_content=&#8221;&#8221; uncode_shortcode_id=&#8221;191248&#8243; css=&#8221;.vc_custom_1678045512966{padding-top: 40px !important;}&#8221;][vc_column_inner column_width_percent=&#8221;100&#8243; gutter_size=&#8221;3&#8243; overlay_alpha=&#8221;50&#8243; border_color=&#8221;color-gyho&#8221; border_style=&#8221;solid&#8221; shift_x=&#8221;0&#8243; shift_y=&#8221;0&#8243; shift_y_down=&#8221;0&#8243; z_index=&#8221;0&#8243; medium_width=&#8221;0&#8243; mobile_width=&#8221;0&#8243; width=&#8221;1\/2&#8243; uncode_shortcode_id=&#8221;111359&#8243; css=&#8221;.vc_custom_1678045374491{border-right-width: 1px !important;padding-right: 20px !important;}&#8221; border_color_type=&#8221;uncode-palette&#8221;][vc_single_image media=&#8221;117797&#8243; media_width_percent=&#8221;15&#8243; css_animation=&#8221;left-t-right&#8221; animation_delay=&#8221;100&#8243; uncode_shortcode_id=&#8221;188087&#8243;][vc_custom_heading text_color=&#8221;accent&#8221; heading_semantic=&#8221;h6&#8243; text_font=&#8221;font-156269&#8243; text_size=&#8221;h4&#8243; text_weight=&#8221;500&#8243; text_height=&#8221;fontheight-357766&#8243; uncode_shortcode_id=&#8221;422578&#8243; text_color_type=&#8221;uncode-palette&#8221;]Mar\u00edtimo[\/vc_custom_heading][vc_column_text text_color=&#8221;color-jevc&#8221; uncode_shortcode_id=&#8221;112212&#8243; text_color_type=&#8221;uncode-palette&#8221;]&gt; Casco e Estrutura &#8211; 3D Laser Scanning Modeling and Design<br \/>\n&gt; Projeto de layout de tubula\u00e7\u00e3o 3D, HVAC e dutos de exaust\u00e3o &#8211; digitaliza\u00e7\u00e3o 3D e modelagem 3D<br \/>\n&gt; Retrofits do Sistema de Tratamento de \u00c1gua de Lastro (WBTS) &#8211; Digitaliza\u00e7\u00e3o 3D, Modelagem 3D, Projeto e Engenharia[\/vc_column_text][\/vc_column_inner][vc_column_inner column_width_percent=&#8221;100&#8243; gutter_size=&#8221;3&#8243; font_family=&#8221;font-136269&#8243; overlay_alpha=&#8221;50&#8243; shift_x=&#8221;0&#8243; shift_y=&#8221;0&#8243; shift_y_down=&#8221;0&#8243; z_index=&#8221;0&#8243; medium_width=&#8221;0&#8243; mobile_width=&#8221;0&#8243; width=&#8221;1\/2&#8243; uncode_shortcode_id=&#8221;208657&#8243;][vc_single_image media=&#8221;117798&#8243; media_width_percent=&#8221;15&#8243; css_animation=&#8221;right-t-left&#8221; animation_delay=&#8221;100&#8243; uncode_shortcode_id=&#8221;864870&#8243;][vc_custom_heading text_color=&#8221;accent&#8221; heading_semantic=&#8221;h6&#8243; text_font=&#8221;font-156269&#8243; text_size=&#8221;h4&#8243; text_weight=&#8221;500&#8243; text_height=&#8221;fontheight-357766&#8243; uncode_shortcode_id=&#8221;147738&#8243; text_color_type=&#8221;uncode-palette&#8221;]Outras \u00e1reas de interesse[\/vc_custom_heading][vc_column_text text_color=&#8221;color-jevc&#8221; uncode_shortcode_id=&#8221;106125&#8243; text_color_type=&#8221;uncode-palette&#8221;]<\/p>\n<div class=\"\">\n<div class=\"\">&gt; Instala\u00e7\u00f5es mar\u00edtimas<br class=\"\" \/>&gt; Patrim\u00f3nio Mar\u00edtimo<br class=\"\" \/>&gt; Instala\u00e7\u00f5es offshore<br class=\"\" \/>&gt; Engenharia Civil<br class=\"\" \/>&gt; Manuten\u00e7\u00e3o de Guindastes, Port\u00f5es e equipamentos gerais de Estaleiros<br class=\"\" \/>&gt; Alinhamento da estrutura e an\u00e1lise de deforma\u00e7\u00e3o<\/div>\n<\/div>\n<p>[\/vc_column_text][\/vc_column_inner][\/vc_row_inner][\/vc_column][\/vc_row][vc_row unlock_row_content=&#8221;yes&#8221; row_height_percent=&#8221;100&#8243; override_padding=&#8221;yes&#8221; h_padding=&#8221;0&#8243; top_padding=&#8221;0&#8243; bottom_padding=&#8221;0&#8243; back_color=&#8221;color-wayh&#8221; overlay_alpha=&#8221;50&#8243; gutter_size=&#8221;3&#8243; column_width_percent=&#8221;100&#8243; shift_y=&#8221;0&#8243; z_index=&#8221;0&#8243; bottom_divider=&#8221;step_2_3&#8243; desktop_visibility=&#8221;yes&#8221; medium_visibility=&#8221;yes&#8221; mobile_visibility=&#8221;yes&#8221; inverted_device_order=&#8221;yes&#8221; auto_height_device=&#8221;yes&#8221; uncode_shortcode_id=&#8221;103030&#8243; back_color_type=&#8221;uncode-palette&#8221;][vc_column column_width_percent=&#8221;100&#8243; gutter_size=&#8221;3&#8243; style=&#8221;dark&#8221; overlay_alpha=&#8221;50&#8243; shift_x=&#8221;0&#8243; shift_y=&#8221;0&#8243; shift_y_down=&#8221;0&#8243; z_index=&#8221;0&#8243; medium_width=&#8221;0&#8243; mobile_width=&#8221;0&#8243; width=&#8221;1\/1&#8243; uncode_shortcode_id=&#8221;187649&#8243;][uncode_index el_id=&#8221;index-194414&#8243; isotope_mode=&#8221;fitRows&#8221; loop=&#8221;size:12|order_by:date|post_type:portfolio|taxonomy_count:10&#8243; style_preset=&#8221;metro&#8221; single_height_viewport=&#8221;yes&#8221; screen_lg=&#8221;1000&#8243; screen_md=&#8221;800&#8243; screen_sm=&#8221;480&#8243; gutter_size=&#8221;0&#8243; post_items=&#8221;media|featured|onpost|original,title,category|nobg,spacer|two,link|link&#8221; portfolio_items=&#8221;media|featured|onpost|original,title&#8221; single_text=&#8221;overlay&#8221; single_fluid_height=&#8221;50&#8243; single_overlay_opacity=&#8221;5&#8243; single_text_visible=&#8221;yes&#8221; single_text_anim_type=&#8221;btt&#8221; single_v_position=&#8221;bottom&#8221; single_padding=&#8221;2&#8243; single_title_dimension=&#8221;h6&#8243; single_title_space=&#8221;fontspace-781688&#8243; single_border=&#8221;yes&#8221; single_css_animation=&#8221;bottom-t-top&#8221; single_animation_speed=&#8221;800&#8243; single_animation_delay=&#8221;100&#8243; uncode_shortcode_id=&#8221;140327&#8243; order_ids=&#8221;117921,117920,117922,4154,117925,117924,117923,117919,117918&#8243;][\/vc_column][\/vc_row][vc_row row_height_percent=&#8221;0&#8243; override_padding=&#8221;yes&#8221; h_padding=&#8221;0&#8243; top_padding=&#8221;0&#8243; bottom_padding=&#8221;0&#8243; overlay_alpha=&#8221;50&#8243; gutter_size=&#8221;3&#8243; column_width_percent=&#8221;100&#8243; shift_y=&#8221;0&#8243; z_index=&#8221;0&#8243; uncode_shortcode_id=&#8221;439273&#8243;][vc_column column_width_percent=&#8221;100&#8243; gutter_size=&#8221;3&#8243; style=&#8221;dark&#8221; overlay_alpha=&#8221;50&#8243; shift_x=&#8221;0&#8243; shift_y=&#8221;0&#8243; shift_y_down=&#8221;0&#8243; z_index=&#8221;0&#8243; medium_width=&#8221;0&#8243; mobile_width=&#8221;0&#8243; width=&#8221;1\/1&#8243; uncode_shortcode_id=&#8221;995577&#8243;][uncode_vertical_text fixed=&#8221;yes&#8221; text_align=&#8221;bottom&#8221; position=&#8221;right&#8221; vertical_text_h_pos=&#8221;-2&#8243; vertical_text_v_pos=&#8221;2&#8243; text_font=&#8221;font-136269&#8243; text_size=&#8221;h5&#8243; text_weight=&#8221;600&#8243; show_after_scroll=&#8221;yes&#8221; hide_on_bottom=&#8221;yes&#8221; difference=&#8221;yes&#8221; medium_visibility=&#8221;yes&#8221; mobile_visibility=&#8221;yes&#8221; uncode_shortcode_id=&#8221;172944&#8243;]<a href=\"#\">go to top &#8212;&gt;<\/a>[\/uncode_vertical_text][\/vc_column][\/vc_row]<\/p>\n<\/div>","protected":false},"excerpt":{"rendered":"<p>[vc_row row_height_percent=&#8221;0&#8243; override_padding=&#8221;yes&#8221; h_padding=&#8221;1&#8243; top_padding=&#8221;5&#8243; bottom_padding=&#8221;5&#8243; back_color=&#8221;color-lxmt&#8221; overlay_alpha=&#8221;50&#8243; equal_height=&#8221;yes&#8221; gutter_size=&#8221;4&#8243; column_width_percent=&#8221;100&#8243; shift_y=&#8221;0&#8243; z_index=&#8221;0&#8243; inverted_device_order=&#8221;yes&#8221; uncode_shortcode_id=&#8221;417153&#8243; back_color_type=&#8221;uncode-palette&#8221;][vc_column column_width_percent=&#8221;100&#8243; position_horizontal=&#8221;left&#8221; position_vertical=&#8221;middle&#8221; gutter_size=&#8221;3&#8243; [&hellip;]<\/p>\n","protected":false},"author":1,"featured_media":0,"parent":0,"menu_order":0,"comment_status":"closed","ping_status":"closed","template":"","meta":{"footnotes":""},"class_list":["post-118612","page","type-page","status-publish","hentry","page_category-creative-pt-pt","page_category-agency-pt-pt"],"_links":{"self":[{"href":"https:\/\/go.com.pt\/pt-pt\/wp-json\/wp\/v2\/pages\/118612","targetHints":{"allow":["GET"]}}],"collection":[{"href":"https:\/\/go.com.pt\/pt-pt\/wp-json\/wp\/v2\/pages"}],"about":[{"href":"https:\/\/go.com.pt\/pt-pt\/wp-json\/wp\/v2\/types\/page"}],"author":[{"embeddable":true,"href":"https:\/\/go.com.pt\/pt-pt\/wp-json\/wp\/v2\/users\/1"}],"replies":[{"embeddable":true,"href":"https:\/\/go.com.pt\/pt-pt\/wp-json\/wp\/v2\/comments?post=118612"}],"version-history":[{"count":15,"href":"https:\/\/go.com.pt\/pt-pt\/wp-json\/wp\/v2\/pages\/118612\/revisions"}],"predecessor-version":[{"id":118787,"href":"https:\/\/go.com.pt\/pt-pt\/wp-json\/wp\/v2\/pages\/118612\/revisions\/118787"}],"wp:attachment":[{"href":"https:\/\/go.com.pt\/pt-pt\/wp-json\/wp\/v2\/media?parent=118612"}],"curies":[{"name":"wp","href":"https:\/\/api.w.org\/{rel}","templated":true}]}}